{"id":15,"date":"2025-10-15T20:51:51","date_gmt":"2025-10-15T20:51:51","guid":{"rendered":"https:\/\/gapp-oil.com.ar\/campusgapp\/dashboard\/"},"modified":"2025-10-15T20:51:51","modified_gmt":"2025-10-15T20:51:51","slug":"dashboard","status":"publish","type":"page","link":"https:\/\/gapp-oil.com.ar\/campusgapp\/dashboard\/","title":{"rendered":"Dashboard"},"content":{"rendered":"Por favor, <a data-login_url=\"\" href=\"#\" class=\"tutor-open-login-modal\">Inicio De Sesi\u00f3n<\/a> para ver esta p\u00e1gina","protected":false},"excerpt":{"rendered":"<p>Por favor, Inicio De Sesi\u00f3n para ver esta p\u00e1gina<\/p>\n","protected":false},"author":1,"featured_media":0,"parent":0,"menu_order":0,"comment_status":"closed","ping_status":"closed","template":"","meta":{"footnotes":""},"class_list":["post-15","page","type-page","status-publish"],"_hostinger_reach_plugin_has_subscription_block":false,"_hostinger_reach_plugin_is_elementor":false,"_links":{"self":[{"href":"https:\/\/gapp-oil.com.ar\/campusgapp\/wp-json\/wp\/v2\/pages\/15","targetHints":{"allow":["GET"]}}],"collection":[{"href":"https:\/\/gapp-oil.com.ar\/campusgapp\/wp-json\/wp\/v2\/pages"}],"about":[{"href":"https:\/\/gapp-oil.com.ar\/campusgapp\/wp-json\/wp\/v2\/types\/page"}],"author":[{"embeddable":true,"href":"https:\/\/gapp-oil.com.ar\/campusgapp\/wp-json\/wp\/v2\/users\/1"}],"replies":[{"embeddable":true,"href":"https:\/\/gapp-oil.com.ar\/campusgapp\/wp-json\/wp\/v2\/comments?post=15"}],"version-history":[{"count":0,"href":"https:\/\/gapp-oil.com.ar\/campusgapp\/wp-json\/wp\/v2\/pages\/15\/revisions"}],"wp:attachment":[{"href":"https:\/\/gapp-oil.com.ar\/campusgapp\/wp-json\/wp\/v2\/media?parent=15"}],"curies":[{"name":"wp","href":"https:\/\/api.w.org\/{rel}","templated":true}]}}