{"id":41,"date":"2025-10-20T11:29:11","date_gmt":"2025-10-20T11:29:11","guid":{"rendered":"https:\/\/gapp-oil.com.ar\/campusgapp\/workademy\/"},"modified":"2026-02-24T15:02:50","modified_gmt":"2026-02-24T15:02:50","slug":"workademy","status":"publish","type":"page","link":"https:\/\/gapp-oil.com.ar\/campusgapp\/","title":{"rendered":"Home"},"content":{"rendered":"\t\t<div data-elementor-type=\"wp-page\" data-elementor-id=\"41\" class=\"elementor elementor-41\" data-elementor-post-type=\"page\">\n\t\t\t\t<div class=\"elementor-element elementor-element-c92723a e-con-full e-flex e-con e-parent\" data-id=\"c92723a\" data-element_type=\"container\" data-e-type=\"container\">\n\t\t<div class=\"elementor-element elementor-element-1fa5975 e-con-full e-flex e-con e-child\" data-id=\"1fa5975\" data-element_type=\"container\" data-e-type=\"container\" data-settings=\"{&quot;background_background&quot;:&quot;classic&quot;}\">\n\t\t\t\t<div class=\"elementor-element elementor-element-34025f4 elementor-invisible elementor-widget elementor-widget-text-editor\" data-id=\"34025f4\" data-element_type=\"widget\" data-e-type=\"widget\" data-settings=\"{&quot;_animation&quot;:&quot;fadeInDown&quot;,&quot;_animation_delay&quot;:1000}\" data-widget_type=\"text-editor.default\">\n\t\t\t\t\t\t\t\t\t<p><span style=\"color: #ffffff;\">LES DAMOS LA<\/span><br \/><span style=\"color: #ffffff;\">BIENVENIDA AL<\/span><\/p>\t\t\t\t\t\t\t\t<\/div>\n\t\t\t\t<div class=\"elementor-element elementor-element-3f8a892 elementor-invisible elementor-widget elementor-widget-text-editor\" data-id=\"3f8a892\" data-element_type=\"widget\" data-e-type=\"widget\" data-settings=\"{&quot;_animation&quot;:&quot;fadeInDown&quot;,&quot;_animation_delay&quot;:500}\" data-widget_type=\"text-editor.default\">\n\t\t\t\t\t\t\t\t\t<p style=\"text-align: left;\">CAMPUS <br \/>GAPP<\/p>\t\t\t\t\t\t\t\t<\/div>\n\t\t\t\t<div class=\"elementor-element elementor-element-3c71eb1 elementor-widget elementor-widget-text-editor\" data-id=\"3c71eb1\" data-element_type=\"widget\" data-e-type=\"widget\" data-widget_type=\"text-editor.default\">\n\t\t\t\t\t\t\t\t\t<p>En este sitio encontrar\u00e1s todo el material<br \/>para acompa\u00f1arte durante tu cursada.<\/p>\t\t\t\t\t\t\t\t<\/div>\n\t\t\t\t<\/div>\n\t\t<div class=\"elementor-element elementor-element-4589076 e-con-full e-flex e-con e-child\" data-id=\"4589076\" data-element_type=\"container\" data-e-type=\"container\" data-settings=\"{&quot;background_background&quot;:&quot;classic&quot;}\">\n\t\t\t\t<\/div>\n\t\t\t\t<\/div>\n\t\t<div class=\"elementor-element elementor-element-72802ee e-flex e-con-boxed e-con e-parent\" data-id=\"72802ee\" data-element_type=\"container\" data-e-type=\"container\">\n\t\t\t\t\t<div class=\"e-con-inner\">\n\t\t<div class=\"elementor-element elementor-element-7942a7c e-con-full e-flex e-con e-child\" data-id=\"7942a7c\" data-element_type=\"container\" data-e-type=\"container\">\n\t\t\t\t<div class=\"elementor-element elementor-element-f84d2ba elementor-widget elementor-widget-text-editor\" data-id=\"f84d2ba\" data-element_type=\"widget\" data-e-type=\"widget\" data-widget_type=\"text-editor.default\">\n\t\t\t\t\t\t\t\t\t<p>Ya se capacitaron con nosotros<\/p>\t\t\t\t\t\t\t\t<\/div>\n\t\t\t\t<\/div>\n\t\t<div class=\"elementor-element elementor-element-835a9bb e-con-full e-flex e-con e-child\" data-id=\"835a9bb\" data-element_type=\"container\" data-e-type=\"container\">\n\t\t\t\t<div class=\"elementor-element elementor-element-de8f27a elementor-widget elementor-widget-counter\" data-id=\"de8f27a\" data-element_type=\"widget\" data-e-type=\"widget\" data-widget_type=\"counter.default\">\n\t\t\t\t\t\t\t<div class=\"elementor-counter\">\n\t\t\t<div class=\"elementor-counter-title\">Empresas<\/div>\t\t\t<div class=\"elementor-counter-number-wrapper\">\n\t\t\t\t<span class=\"elementor-counter-number-prefix\">+<\/span>\n\t\t\t\t<span class=\"elementor-counter-number\" data-duration=\"2000\" data-to-value=\"550\" data-from-value=\"0\" data-delimiter=\".\">0<\/span>\n\t\t\t\t<span class=\"elementor-counter-number-suffix\"><\/span>\n\t\t\t<\/div>\n\t\t<\/div>\n\t\t\t\t\t\t<\/div>\n\t\t\t\t<\/div>\n\t\t<div class=\"elementor-element elementor-element-e3b7d7b e-con-full e-flex e-con e-child\" data-id=\"e3b7d7b\" data-element_type=\"container\" data-e-type=\"container\">\n\t\t\t\t<div class=\"elementor-element elementor-element-6c22ffc elementor-widget elementor-widget-counter\" data-id=\"6c22ffc\" data-element_type=\"widget\" data-e-type=\"widget\" data-widget_type=\"counter.default\">\n\t\t\t\t\t\t\t<div class=\"elementor-counter\">\n\t\t\t<div class=\"elementor-counter-title\">Colaboradores<\/div>\t\t\t<div class=\"elementor-counter-number-wrapper\">\n\t\t\t\t<span class=\"elementor-counter-number-prefix\">+<\/span>\n\t\t\t\t<span class=\"elementor-counter-number\" data-duration=\"2000\" data-to-value=\"1600\" data-from-value=\"0\" data-delimiter=\".\">0<\/span>\n\t\t\t\t<span class=\"elementor-counter-number-suffix\"><\/span>\n\t\t\t<\/div>\n\t\t<\/div>\n\t\t\t\t\t\t<\/div>\n\t\t\t\t<\/div>\n\t\t\t\t\t<\/div>\n\t\t\t\t<\/div>\n\t\t<div class=\"elementor-element elementor-element-4d26f3c e-con-full e-flex elementor-invisible e-con e-parent\" data-id=\"4d26f3c\" data-element_type=\"container\" data-e-type=\"container\" data-settings=\"{&quot;background_background&quot;:&quot;classic&quot;,&quot;animation&quot;:&quot;fadeInDown&quot;}\">\n\t\t<div class=\"elementor-element elementor-element-960ce37 e-con-full e-flex e-con e-child\" data-id=\"960ce37\" data-element_type=\"container\" data-e-type=\"container\" data-settings=\"{&quot;background_background&quot;:&quot;classic&quot;}\">\n\t\t\t\t<div class=\"elementor-element elementor-element-01c7605 elementor-widget elementor-widget-text-editor\" data-id=\"01c7605\" data-element_type=\"widget\" data-e-type=\"widget\" data-widget_type=\"text-editor.default\">\n\t\t\t\t\t\t\t\t\t<p style=\"text-align: left;\">CENTRO DE <br \/>FORMACI\u00d3N<\/p>\t\t\t\t\t\t\t\t<\/div>\n\t\t\t\t<div class=\"elementor-element elementor-element-e0d80fb elementor-widget elementor-widget-text-editor\" data-id=\"e0d80fb\" data-element_type=\"widget\" data-e-type=\"widget\" data-widget_type=\"text-editor.default\">\n\t\t\t\t\t\t\t\t\t<p style=\"text-align: left;\">Formamos al talento <br \/>de la Industria<\/p>\t\t\t\t\t\t\t\t<\/div>\n\t\t\t\t<\/div>\n\t\t<div class=\"elementor-element elementor-element-3e8416f e-con-full e-flex e-con e-child\" data-id=\"3e8416f\" data-element_type=\"container\" data-e-type=\"container\" data-settings=\"{&quot;background_background&quot;:&quot;classic&quot;}\">\n\t\t\t\t<div class=\"elementor-element elementor-element-36e0cd1 elementor-widget elementor-widget-text-editor\" data-id=\"36e0cd1\" data-element_type=\"widget\" data-e-type=\"widget\" data-widget_type=\"text-editor.default\">\n\t\t\t\t\t\t\t\t\t<p style=\"text-align: left;\">Soluciones formativas para el ecosistema industrial.<\/p>\t\t\t\t\t\t\t\t<\/div>\n\t\t\t\t<div class=\"elementor-element elementor-element-dcfb1a2 elementor-widget elementor-widget-text-editor\" data-id=\"dcfb1a2\" data-element_type=\"widget\" data-e-type=\"widget\" data-widget_type=\"text-editor.default\">\n\t\t\t\t\t\t\t\t\t<p style=\"text-align: left;\">Brindamos capacitaciones especializadas para fortalecer la competitividad, elevar el est\u00e1ndar de calidad y la productividad de las PyMEs industriales.<\/p>\t\t\t\t\t\t\t\t<\/div>\n\t\t\t\t<\/div>\n\t\t\t\t<\/div>\n\t\t<div class=\"elementor-element elementor-element-cdb4d40 e-flex e-con-boxed e-con e-parent\" data-id=\"cdb4d40\" data-element_type=\"container\" data-e-type=\"container\">\n\t\t\t\t\t<div class=\"e-con-inner\">\n\t\t\t\t<div class=\"elementor-element elementor-element-db7b67a elementor-invisible elementor-widget elementor-widget-text-editor\" data-id=\"db7b67a\" data-element_type=\"widget\" data-e-type=\"widget\" data-settings=\"{&quot;_animation&quot;:&quot;fadeInDown&quot;}\" data-widget_type=\"text-editor.default\">\n\t\t\t\t\t\t\t\t\t<p>Nuestros aliados estrat\u00e9gicos<\/p>\t\t\t\t\t\t\t\t<\/div>\n\t\t\t\t<div class=\"elementor-element elementor-element-08a8fd2 elementor-arrows-position-inside elementor-widget elementor-widget-image-carousel\" data-id=\"08a8fd2\" data-element_type=\"widget\" data-e-type=\"widget\" data-settings=\"{&quot;slides_to_show&quot;:&quot;5&quot;,&quot;slides_to_scroll&quot;:&quot;1&quot;,&quot;navigation&quot;:&quot;arrows&quot;,&quot;autoplay&quot;:&quot;yes&quot;,&quot;pause_on_hover&quot;:&quot;yes&quot;,&quot;pause_on_interaction&quot;:&quot;yes&quot;,&quot;autoplay_speed&quot;:5000,&quot;infinite&quot;:&quot;yes&quot;,&quot;speed&quot;:500}\" data-widget_type=\"image-carousel.default\">\n\t\t\t\t\t\t\t<div class=\"elementor-image-carousel-wrapper swiper\" role=\"region\" aria-roledescription=\"carousel\" aria-label=\"Image Carousel\" dir=\"ltr\">\n\t\t\t<div class=\"elementor-image-carousel swiper-wrapper\" aria-live=\"off\">\n\t\t\t\t\t\t\t\t<div class=\"swiper-slide\" role=\"group\" aria-roledescription=\"slide\" aria-label=\"1 of 5\"><figure class=\"swiper-slide-inner\"><img decoding=\"async\" class=\"swiper-slide-image\" src=\"https:\/\/gapp-oil.com.ar\/campusgapp\/wp-content\/uploads\/2025\/10\/INTI-150x150.jpg\" alt=\"INTI\" \/><\/figure><\/div><div class=\"swiper-slide\" role=\"group\" aria-roledescription=\"slide\" aria-label=\"2 of 5\"><figure class=\"swiper-slide-inner\"><img decoding=\"async\" class=\"swiper-slide-image\" src=\"https:\/\/gapp-oil.com.ar\/campusgapp\/wp-content\/uploads\/2025\/10\/U-N-de-Arturo-J-150x150.jpg\" alt=\"U-N-de-Arturo-J\" \/><\/figure><\/div><div class=\"swiper-slide\" role=\"group\" aria-roledescription=\"slide\" aria-label=\"3 of 5\"><figure class=\"swiper-slide-inner\"><img decoding=\"async\" class=\"swiper-slide-image\" src=\"https:\/\/gapp-oil.com.ar\/campusgapp\/wp-content\/uploads\/2025\/10\/U-N-de-G-Sarmineto-150x150.jpg\" alt=\"U-N-de-G-Sarmineto\" \/><\/figure><\/div><div class=\"swiper-slide\" role=\"group\" aria-roledescription=\"slide\" aria-label=\"4 of 5\"><figure class=\"swiper-slide-inner\"><img decoding=\"async\" class=\"swiper-slide-image\" src=\"https:\/\/gapp-oil.com.ar\/campusgapp\/wp-content\/uploads\/2025\/10\/U-N-de-San-Mrtin-150x150.jpg\" alt=\"U-N-de-San-Mrtin\" \/><\/figure><\/div><div class=\"swiper-slide\" role=\"group\" aria-roledescription=\"slide\" aria-label=\"5 of 5\"><figure class=\"swiper-slide-inner\"><img decoding=\"async\" class=\"swiper-slide-image\" src=\"https:\/\/gapp-oil.com.ar\/campusgapp\/wp-content\/uploads\/2025\/10\/UTN-150x150.jpg\" alt=\"UTN\" \/><\/figure><\/div>\t\t\t<\/div>\n\t\t\t\t\t\t\t\t\t\t\t\t<div class=\"elementor-swiper-button elementor-swiper-button-prev\" role=\"button\" tabindex=\"0\">\n\t\t\t\t\t\t<svg aria-hidden=\"true\" class=\"e-font-icon-svg e-eicon-chevron-left\" viewBox=\"0 0 1000 1000\" xmlns=\"http:\/\/www.w3.org\/2000\/svg\"><path d=\"M646 125C629 125 613 133 604 142L308 442C296 454 292 471 292 487 292 504 296 521 308 533L604 854C617 867 629 875 646 875 663 875 679 871 692 858 704 846 713 829 713 812 713 796 708 779 692 767L438 487 692 225C700 217 708 204 708 187 708 171 704 154 692 142 675 129 663 125 646 125Z\"><\/path><\/svg>\t\t\t\t\t<\/div>\n\t\t\t\t\t<div class=\"elementor-swiper-button elementor-swiper-button-next\" role=\"button\" tabindex=\"0\">\n\t\t\t\t\t\t<svg aria-hidden=\"true\" class=\"e-font-icon-svg e-eicon-chevron-right\" viewBox=\"0 0 1000 1000\" xmlns=\"http:\/\/www.w3.org\/2000\/svg\"><path d=\"M696 533C708 521 713 504 713 487 713 471 708 454 696 446L400 146C388 133 375 125 354 125 338 125 325 129 313 142 300 154 292 171 292 187 292 204 296 221 308 233L563 492 304 771C292 783 288 800 288 817 288 833 296 850 308 863 321 871 338 875 354 875 371 875 388 867 400 854L696 533Z\"><\/path><\/svg>\t\t\t\t\t<\/div>\n\t\t\t\t\n\t\t\t\t\t\t\t\t\t<\/div>\n\t\t\t\t\t\t<\/div>\n\t\t\t\t\t<\/div>\n\t\t\t\t<\/div>\n\t\t<div class=\"elementor-element elementor-element-5e375bf elementor-hidden-desktop elementor-hidden-tablet elementor-hidden-mobile e-flex e-con-boxed e-con e-parent\" data-id=\"5e375bf\" data-element_type=\"container\" data-e-type=\"container\" data-settings=\"{&quot;background_background&quot;:&quot;classic&quot;}\">\n\t\t\t\t\t<div class=\"e-con-inner\">\n\t\t\t\t<div class=\"elementor-element elementor-element-0c1c576 elementor-invisible elementor-widget elementor-widget-text-editor\" data-id=\"0c1c576\" data-element_type=\"widget\" data-e-type=\"widget\" data-settings=\"{&quot;_animation&quot;:&quot;fadeInDown&quot;}\" data-widget_type=\"text-editor.default\">\n\t\t\t\t\t\t\t\t\t<p>Certificados GAPP<\/p>\t\t\t\t\t\t\t\t<\/div>\n\t\t\t\t\t<\/div>\n\t\t\t\t<\/div>\n\t\t<div class=\"elementor-element elementor-element-b5eac49 elementor-hidden-desktop elementor-hidden-tablet elementor-hidden-mobile e-flex e-con-boxed e-con e-parent\" data-id=\"b5eac49\" data-element_type=\"container\" data-e-type=\"container\" data-settings=\"{&quot;background_background&quot;:&quot;classic&quot;}\">\n\t\t\t\t\t<div class=\"e-con-inner\">\n\t\t<div class=\"elementor-element elementor-element-807f071 e-con-full e-flex e-con e-child\" data-id=\"807f071\" data-element_type=\"container\" data-e-type=\"container\">\n\t\t\t\t<div class=\"elementor-element elementor-element-1cfab5d animated-slow elementor-invisible elementor-widget elementor-widget-text-editor\" data-id=\"1cfab5d\" data-element_type=\"widget\" data-e-type=\"widget\" data-settings=\"{&quot;_animation&quot;:&quot;fadeInLeft&quot;}\" data-widget_type=\"text-editor.default\">\n\t\t\t\t\t\t\t\t\t<p>Otorgamos certificados avalados por el <br \/>GAPP y POK <strong>(Proof of Knowledge)<\/strong>.<\/p>\t\t\t\t\t\t\t\t<\/div>\n\t\t\t\t<\/div>\n\t\t<div class=\"elementor-element elementor-element-7c1dcfc e-con-full e-flex e-con e-child\" data-id=\"7c1dcfc\" data-element_type=\"container\" data-e-type=\"container\" data-settings=\"{&quot;background_background&quot;:&quot;classic&quot;}\">\n\t\t\t\t<div class=\"elementor-element elementor-element-b30bf99 animated-slow elementor-invisible elementor-widget elementor-widget-image\" data-id=\"b30bf99\" data-element_type=\"widget\" data-e-type=\"widget\" data-settings=\"{&quot;_animation&quot;:&quot;fadeInRight&quot;}\" data-widget_type=\"image.default\">\n\t\t\t\t\t\t\t\t\t\t\t\t\t\t\t<img decoding=\"async\" width=\"300\" height=\"100\" src=\"https:\/\/gapp-oil.com.ar\/campusgapp\/wp-content\/uploads\/2025\/10\/Logo-POK-300x100.jpeg\" class=\"attachment-medium size-medium wp-image-875\" alt=\"pok\" srcset=\"https:\/\/gapp-oil.com.ar\/campusgapp\/wp-content\/uploads\/2025\/10\/Logo-POK-300x100.jpeg 300w, https:\/\/gapp-oil.com.ar\/campusgapp\/wp-content\/uploads\/2025\/10\/Logo-POK-150x50.jpeg 150w, https:\/\/gapp-oil.com.ar\/campusgapp\/wp-content\/uploads\/2025\/10\/Logo-POK.jpeg 384w\" sizes=\"(max-width: 300px) 100vw, 300px\" \/>\t\t\t\t\t\t\t\t\t\t\t\t\t\t\t<\/div>\n\t\t\t\t<\/div>\n\t\t\t\t\t<\/div>\n\t\t\t\t<\/div>\n\t\t<div class=\"elementor-element elementor-element-98c322f e-flex e-con-boxed e-con e-parent\" data-id=\"98c322f\" data-element_type=\"container\" data-e-type=\"container\" data-settings=\"{&quot;background_background&quot;:&quot;classic&quot;}\">\n\t\t\t\t\t<div class=\"e-con-inner\">\n\t\t\t\t<div class=\"elementor-element elementor-element-1611098 elementor-invisible elementor-widget elementor-widget-text-editor\" data-id=\"1611098\" data-element_type=\"widget\" data-e-type=\"widget\" data-settings=\"{&quot;_animation&quot;:&quot;fadeInDown&quot;}\" data-widget_type=\"text-editor.default\">\n\t\t\t\t\t\t\t\t\t<p>Testimonios de Nuestros Alumnos<\/p>\t\t\t\t\t\t\t\t<\/div>\n\t\t\t\t\t<\/div>\n\t\t\t\t<\/div>\n\t\t<div class=\"elementor-element elementor-element-2e80add e-flex e-con-boxed e-con e-parent\" data-id=\"2e80add\" data-element_type=\"container\" data-e-type=\"container\" data-settings=\"{&quot;background_background&quot;:&quot;classic&quot;}\">\n\t\t\t\t\t<div class=\"e-con-inner\">\n\t\t<div class=\"elementor-element elementor-element-a40dfce e-con-full e-flex elementor-invisible e-con e-child\" data-id=\"a40dfce\" data-element_type=\"container\" data-e-type=\"container\" data-settings=\"{&quot;background_background&quot;:&quot;classic&quot;,&quot;animation&quot;:&quot;fadeInLeft&quot;}\">\n\t\t\t\t<div class=\"elementor-element elementor-element-5e3e25a elementor-widget elementor-widget-text-editor\" data-id=\"5e3e25a\" data-element_type=\"widget\" data-e-type=\"widget\" data-widget_type=\"text-editor.default\">\n\t\t\t\t\t\t\t\t\t<p><strong>Taller en Comunicaci\u00f3n efectiva para l\u00edderes de equipo.<br \/><\/strong><br \/><em>\u201cMe llevo herramientas para analizar las formas de comunicaci\u00f3n que se dan en el d\u00eda a d\u00eda con diferentes interlocutores. Los encuentros en sala son muy \u00fatiles para poner en pr\u00e1ctica los contenidos te\u00f3ricos.\u201d<br \/><br \/><br \/><\/em><\/p>\t\t\t\t\t\t\t\t<\/div>\n\t\t\t\t<div class=\"elementor-element elementor-element-38998ef elementor-widget elementor-widget-text-editor\" data-id=\"38998ef\" data-element_type=\"widget\" data-e-type=\"widget\" data-widget_type=\"text-editor.default\">\n\t\t\t\t\t\t\t\t\t<p><strong>\u00c1ngelo Rabbia<\/strong><br><span style=\"color: #3366ff;\">Industrias J.F. Secco S.A.<\/span><\/p>\t\t\t\t\t\t\t\t<\/div>\n\t\t\t\t<\/div>\n\t\t<div class=\"elementor-element elementor-element-3da0632 e-con-full animated-slow e-flex elementor-invisible e-con e-child\" data-id=\"3da0632\" data-element_type=\"container\" data-e-type=\"container\" data-settings=\"{&quot;background_background&quot;:&quot;classic&quot;,&quot;animation&quot;:&quot;fadeInLeft&quot;,&quot;animation_delay&quot;:300}\">\n\t\t\t\t<div class=\"elementor-element elementor-element-04e5ad3 elementor-widget elementor-widget-text-editor\" data-id=\"04e5ad3\" data-element_type=\"widget\" data-e-type=\"widget\" data-widget_type=\"text-editor.default\">\n\t\t\t\t\t\t\t\t\t<p><strong>Programa de Introducci\u00f3n a la Industria de Oil &amp; Gas.<br \/><br \/><\/strong>\u201cEs un curso muy bien apuntado para tener una visi\u00f3n macro de la industria en Argentina. Lo encontr\u00e9 sumamente positivo y me sirvi\u00f3 para formar una idea m\u00e1s clara de la relevancia del sector a nivel nacional como global, tanto en el presente como en sus proyecciones a futuro.\u201d<br \/><br \/><\/p>\t\t\t\t\t\t\t\t<\/div>\n\t\t\t\t<div class=\"elementor-element elementor-element-37b1168 elementor-widget elementor-widget-text-editor\" data-id=\"37b1168\" data-element_type=\"widget\" data-e-type=\"widget\" data-widget_type=\"text-editor.default\">\n\t\t\t\t\t\t\t\t\t<p><strong>Ra\u00fal Lazbal<\/strong><br \/><span style=\"color: #3366ff;\">Axura S.A. <\/span><\/p>\t\t\t\t\t\t\t\t<\/div>\n\t\t\t\t<\/div>\n\t\t<div class=\"elementor-element elementor-element-7278834 e-con-full animated-slow e-flex elementor-invisible e-con e-child\" data-id=\"7278834\" data-element_type=\"container\" data-e-type=\"container\" data-settings=\"{&quot;background_background&quot;:&quot;classic&quot;,&quot;animation&quot;:&quot;fadeInLeft&quot;,&quot;animation_delay&quot;:500}\">\n\t\t\t\t<div class=\"elementor-element elementor-element-0c01cc9 elementor-widget elementor-widget-text-editor\" data-id=\"0c01cc9\" data-element_type=\"widget\" data-e-type=\"widget\" data-widget_type=\"text-editor.default\">\n\t\t\t\t\t\t\t\t\t<p><strong>Taller de Control de Costos en proyectos de ingenier\u00eda.<br \/><\/strong><br \/>\u201cLa verdad es que el curso fue un 10\/10 tanto el profe como los contenidos planificados. Se pudo ver la realidad de las empresas que tienen esta mec\u00e1nica de trabajo por proyectos, que al d\u00eda de hoy es una problem\u00e1tica para nosotros. Nos ayud\u00f3 a poder organizar un poco el sector, y la organizaci\u00f3n.\u201d<\/p>\t\t\t\t\t\t\t\t<\/div>\n\t\t\t\t<div class=\"elementor-element elementor-element-d41a849 elementor-widget elementor-widget-text-editor\" data-id=\"d41a849\" data-element_type=\"widget\" data-e-type=\"widget\" data-widget_type=\"text-editor.default\">\n\t\t\t\t\t\t\t\t\t<p><strong>Jorgelina Simonutti<\/strong><br \/><span style=\"color: #3366ff;\">SICA S.A. <\/span><\/p>\t\t\t\t\t\t\t\t<\/div>\n\t\t\t\t<\/div>\n\t\t\t\t\t<\/div>\n\t\t\t\t<\/div>\n\t\t<div class=\"elementor-element elementor-element-e44c47c e-flex e-con-boxed e-con e-parent\" data-id=\"e44c47c\" data-element_type=\"container\" data-e-type=\"container\">\n\t\t\t\t\t<div class=\"e-con-inner\">\n\t\t\t\t<div class=\"elementor-element elementor-element-25032da elementor-widget elementor-widget-spacer\" data-id=\"25032da\" data-element_type=\"widget\" data-e-type=\"widget\" data-widget_type=\"spacer.default\">\n\t\t\t\t\t\t\t<div class=\"elementor-spacer\">\n\t\t\t<div class=\"elementor-spacer-inner\"><\/div>\n\t\t<\/div>\n\t\t\t\t\t\t<\/div>\n\t\t\t\t\t<\/div>\n\t\t\t\t<\/div>\n\t\t\t\t<\/div>\n\t\t","protected":false},"excerpt":{"rendered":"<p>LES DAMOS LABIENVENIDA AL CAMPUS GAPP En este sitio encontrar\u00e1s todo el materialpara acompa\u00f1arte durante tu cursada. Ya se capacitaron con nosotros Empresas + 0 Colaboradores + 0 CENTRO DE FORMACI\u00d3N Formamos al talento de la Industria Soluciones formativas para el ecosistema industrial. Brindamos capacitaciones especializadas para fortalecer la competitividad, elevar el est\u00e1ndar de calidad &#8230; <a title=\"Home\" class=\"read-more\" href=\"https:\/\/gapp-oil.com.ar\/campusgapp\/\" aria-label=\"Leer m\u00e1s sobre Home\">Leer m\u00e1s<\/a><\/p>\n","protected":false},"author":1,"featured_media":0,"parent":0,"menu_order":0,"comment_status":"closed","ping_status":"closed","template":"","meta":{"footnotes":""},"class_list":["post-41","page","type-page","status-publish"],"_hostinger_reach_plugin_has_subscription_block":false,"_hostinger_reach_plugin_is_elementor":false,"_links":{"self":[{"href":"https:\/\/gapp-oil.com.ar\/campusgapp\/wp-json\/wp\/v2\/pages\/41","targetHints":{"allow":["GET"]}}],"collection":[{"href":"https:\/\/gapp-oil.com.ar\/campusgapp\/wp-json\/wp\/v2\/pages"}],"about":[{"href":"https:\/\/gapp-oil.com.ar\/campusgapp\/wp-json\/wp\/v2\/types\/page"}],"author":[{"embeddable":true,"href":"https:\/\/gapp-oil.com.ar\/campusgapp\/wp-json\/wp\/v2\/users\/1"}],"replies":[{"embeddable":true,"href":"https:\/\/gapp-oil.com.ar\/campusgapp\/wp-json\/wp\/v2\/comments?post=41"}],"version-history":[{"count":265,"href":"https:\/\/gapp-oil.com.ar\/campusgapp\/wp-json\/wp\/v2\/pages\/41\/revisions"}],"predecessor-version":[{"id":1373,"href":"https:\/\/gapp-oil.com.ar\/campusgapp\/wp-json\/wp\/v2\/pages\/41\/revisions\/1373"}],"wp:attachment":[{"href":"https:\/\/gapp-oil.com.ar\/campusgapp\/wp-json\/wp\/v2\/media?parent=41"}],"curies":[{"name":"wp","href":"https:\/\/api.w.org\/{rel}","templated":true}]}}